{"id":1342,"date":"2024-07-19T14:44:21","date_gmt":"2024-07-19T14:44:21","guid":{"rendered":"http:\/\/www.ampliaspa.it\/amplia-la-tua-vita\/"},"modified":"2025-02-17T11:30:52","modified_gmt":"2025-02-17T11:30:52","slug":"amplia-la-tua-vita","status":"publish","type":"page","link":"https:\/\/www.ampliaspa.it\/en\/amplia-la-tua-vita\/","title":{"rendered":"Amplia la tua vita"},"content":{"rendered":"\n<p><strong>Amplia la tua Vita<\/strong><\/p>\n\n<p><strong>Un ecosistema di iniziative concrete e mirate volto a migliorare l&#8217;esperienza lavorativa, la sicurezza e il benessere del personale operaio e delle proprie famiglie.<\/strong><\/p>\n\n<p>Nell&#8217;ambito di una visione strategica di lungo periodo, Amplia ha intrapreso un percorso di trasformazione centrato sui principi della qualit\u00e0 della vita, della sicurezza e della sostenibilit\u00e0, ridefinendo la propria identit\u00e0 e promuovendo un ambiente di lavoro che favorisca il benessere integrale delle persone e delle loro famiglie.<\/p>\n\n<p><strong>Con programmi di supporto e iniziative di welfare aziendale e inclusione, formazione continua, adozione di protocolli di sicurezza condivisi, Amplia prevede e risponde proattivamente alle esigenze dei propri dipendenti.<\/strong><\/p>\n\n<p>Su queste basi nasce Amplia la Tua Vita, un programma pensato per generare discontinuit\u00e0 e valore a 360\u00b0 potenziando il senso di appartenenza individuale e fornendo una risposta basata sull\u2019engagement e su un percorso di lungo periodo.<\/p>\n\n<p>Tante le proposte previste per il biennio<strong> 2024-2026<\/strong> attraverso cui Amplia sostiene le proprie risorse a dare il meglio di s\u00e9 offrendo loro l&#8217;opportunit\u00e0 di contribuire a costruire qualcosa di grande:<\/p>\n\n<figure class=\"wp-block-image size-large is-resized\"><img loading=\"lazy\" decoding=\"async\" width=\"1024\" height=\"573\" src=\"https:\/\/www.ampliaspa.it\/wp-content\/uploads\/2025\/02\/Screenshot-2025-02-17-122950-1024x573.png\" alt=\"\" class=\"wp-image-4012\" style=\"width:839px;height:auto\" srcset=\"https:\/\/www.ampliaspa.it\/wp-content\/uploads\/2025\/02\/Screenshot-2025-02-17-122950-1024x573.png 1024w, https:\/\/www.ampliaspa.it\/wp-content\/uploads\/2025\/02\/Screenshot-2025-02-17-122950-300x168.png 300w, https:\/\/www.ampliaspa.it\/wp-content\/uploads\/2025\/02\/Screenshot-2025-02-17-122950-768x430.png 768w, https:\/\/www.ampliaspa.it\/wp-content\/uploads\/2025\/02\/Screenshot-2025-02-17-122950.png 1364w\" sizes=\"(max-width: 1024px) 100vw, 1024px\" \/><\/figure>\n","protected":false},"excerpt":{"rendered":"<p>Amplia la tua Vita Un ecosistema di iniziative concrete e mirate volto a migliorare l&#8217;esperienza lavorativa, la sicurezza e il benessere del personale operaio e delle proprie famiglie. Nell&#8217;ambito di una visione strategica di lungo periodo, Amplia ha intrapreso un percorso di trasformazione centrato sui principi della qualit\u00e0 della vita, della sicurezza e della sostenibilit\u00e0, [&hellip;]<\/p>\n","protected":false},"author":1,"featured_media":0,"parent":0,"menu_order":17,"comment_status":"closed","ping_status":"closed","template":"","meta":{"_acf_changed":false,"footnotes":""},"class_list":["post-1342","page","type-page","status-publish","hentry"],"acf":[],"_links":{"self":[{"href":"https:\/\/www.ampliaspa.it\/en\/wp-json\/wp\/v2\/pages\/1342"}],"collection":[{"href":"https:\/\/www.ampliaspa.it\/en\/wp-json\/wp\/v2\/pages"}],"about":[{"href":"https:\/\/www.ampliaspa.it\/en\/wp-json\/wp\/v2\/types\/page"}],"author":[{"embeddable":true,"href":"https:\/\/www.ampliaspa.it\/en\/wp-json\/wp\/v2\/users\/1"}],"replies":[{"embeddable":true,"href":"https:\/\/www.ampliaspa.it\/en\/wp-json\/wp\/v2\/comments?post=1342"}],"version-history":[{"count":5,"href":"https:\/\/www.ampliaspa.it\/en\/wp-json\/wp\/v2\/pages\/1342\/revisions"}],"predecessor-version":[{"id":4015,"href":"https:\/\/www.ampliaspa.it\/en\/wp-json\/wp\/v2\/pages\/1342\/revisions\/4015"}],"wp:attachment":[{"href":"https:\/\/www.ampliaspa.it\/en\/wp-json\/wp\/v2\/media?parent=1342"}],"curies":[{"name":"wp","href":"https:\/\/api.w.org\/{rel}","templated":true}]}}