{"id":817,"date":"2024-05-03T07:47:31","date_gmt":"2024-05-03T07:47:31","guid":{"rendered":"http:\/\/www.ampliaspa.it\/how-we-work\/struttura\/documenti-tecnici\/"},"modified":"2024-07-11T10:30:25","modified_gmt":"2024-07-11T10:30:25","slug":"technical-documents","status":"publish","type":"page","link":"https:\/\/www.ampliaspa.it\/en\/how-we-work\/structure\/technical-documents\/","title":{"rendered":"Technical Documents"},"content":{"rendered":"\n<p>Il Regolamento Delegato (UE) n.157\/2014 permette di pubblicare le Dichiarazioni di Prestazione (DdP) per i prodotti da costruzione, ai sensi del CPR 305\/2011, su supporto web, in luogo della distribuzione cartacea. Questa possibilit\u00e0 consente di gestire i documenti in modo pi\u00f9 agevole e al contempo di favorire la sostenibilit\u00e0, tramite il risparmio di risorse naturali e la semplificazione delle procedure di trasmissione.<\/p>\n\n<p><strong>Amplia Infrastructures SpA pertanto mette a disposizione degli utenti la sezione Documenti tecnici, in cui sono resi disponibili in formato Pdf le DdP per tutti i prodotti realizzati internamente.<\/strong><\/p>\n<div class=\"block block-smallbox\">\n    <div class=\"row\">\n                    <div class=\"col-lg-3\">\n                <h4 class=\"block-smallbox__title\">UO <strong>Anagni<\/strong><\/h4>\n                <a class=\"block-smallbox__cta\" href=\"http:\/\/www.ampliaspa.it\/come-operiamo\/struttura\/documenti-tecnici\/uo-anagni\/\">Read more<\/a>\n            <\/div>\n                    <div class=\"col-lg-3\">\n                <h4 class=\"block-smallbox__title\">UO <strong>Abano<\/strong><\/h4>\n                <a class=\"block-smallbox__cta\" href=\"\">Read more<\/a>\n            <\/div>\n                    <div class=\"col-lg-3\">\n                <h4 class=\"block-smallbox__title\">UO <strong>Belfiore<\/strong><\/h4>\n                <a class=\"block-smallbox__cta\" href=\"\">Read more<\/a>\n            <\/div>\n            <\/div>\n<\/div>\n","protected":false},"excerpt":{"rendered":"<p>Il Regolamento Delegato (UE) n.157\/2014 permette di pubblicare le Dichiarazioni di Prestazione (DdP) per i prodotti da costruzione, ai sensi del CPR 305\/2011, su supporto web, in luogo della distribuzione cartacea. Questa possibilit\u00e0 consente di gestire i documenti in modo pi\u00f9 agevole e al contempo di favorire la sostenibilit\u00e0, tramite il risparmio di risorse naturali [&hellip;]<\/p>\n","protected":false},"author":1,"featured_media":0,"parent":816,"menu_order":32,"comment_status":"closed","ping_status":"closed","template":"","meta":{"_acf_changed":false,"footnotes":""},"class_list":["post-817","page","type-page","status-publish","hentry"],"acf":[],"_links":{"self":[{"href":"https:\/\/www.ampliaspa.it\/en\/wp-json\/wp\/v2\/pages\/817"}],"collection":[{"href":"https:\/\/www.ampliaspa.it\/en\/wp-json\/wp\/v2\/pages"}],"about":[{"href":"https:\/\/www.ampliaspa.it\/en\/wp-json\/wp\/v2\/types\/page"}],"author":[{"embeddable":true,"href":"https:\/\/www.ampliaspa.it\/en\/wp-json\/wp\/v2\/users\/1"}],"replies":[{"embeddable":true,"href":"https:\/\/www.ampliaspa.it\/en\/wp-json\/wp\/v2\/comments?post=817"}],"version-history":[{"count":2,"href":"https:\/\/www.ampliaspa.it\/en\/wp-json\/wp\/v2\/pages\/817\/revisions"}],"predecessor-version":[{"id":1238,"href":"https:\/\/www.ampliaspa.it\/en\/wp-json\/wp\/v2\/pages\/817\/revisions\/1238"}],"up":[{"embeddable":true,"href":"https:\/\/www.ampliaspa.it\/en\/wp-json\/wp\/v2\/pages\/816"}],"wp:attachment":[{"href":"https:\/\/www.ampliaspa.it\/en\/wp-json\/wp\/v2\/media?parent=817"}],"curies":[{"name":"wp","href":"https:\/\/api.w.org\/{rel}","templated":true}]}}